{"id":123,"date":"2021-10-04T10:44:17","date_gmt":"2021-10-04T10:44:17","guid":{"rendered":"https:\/\/gescarrion.com\/?page_id=123"},"modified":"2023-11-24T12:31:35","modified_gmt":"2023-11-24T12:31:35","slug":"nosotros","status":"publish","type":"page","link":"https:\/\/gescarrion.com\/?page_id=123","title":{"rendered":"Administrador de Fincas | Valladolid"},"content":{"rendered":"<p>[et_pb_section fb_built=\u00bb1&#8243; admin_label=\u00bbHeader\u00bb _builder_version=\u00bb4.16&#8243; background_color=\u00bbRGBA(0,0,0,0)\u00bb background_image=\u00bbhttp:\/\/gescarrion.com\/wp-content\/uploads\/2021\/09\/Cuadro-Gescarrion.jpg\u00bb background_position=\u00bbcenter_right\u00bb background_blend=\u00bbsoft-light\u00bb custom_padding=\u00bb0px||0px|||\u00bb locked=\u00bboff\u00bb global_colors_info=\u00bb{}\u00bb][et_pb_row _builder_version=\u00bb4.16&#8243; custom_margin=\u00bb2px|auto||auto||\u00bb global_colors_info=\u00bb{}\u00bb][et_pb_column type=\u00bb4_4&#8243; _builder_version=\u00bb4.16&#8243; global_colors_info=\u00bb{}\u00bb][et_pb_text _builder_version=\u00bb4.16&#8243; header_font=\u00bb|900|||||||\u00bb header_text_color=\u00bbrgba(140,138,131,0)\u00bb header_font_size=\u00bb100px\u00bb header_font_size_tablet=\u00bb50px\u00bb header_font_size_phone=\u00bb32px\u00bb header_font_size_last_edited=\u00bbon|phone\u00bb locked=\u00bboff\u00bb global_colors_info=\u00bb{}\u00bb]<\/p>\n<h1>Gescarri\u00f3n<\/h1>\n<p>[\/et_pb_text][\/et_pb_column][\/et_pb_row][\/et_pb_section][et_pb_section fb_built=\u00bb1&#8243; admin_label=\u00bbAbout\u00bb _builder_version=\u00bb4.16&#8243; background_color=\u00bbrgba(99,98,96,0.12)\u00bb background_enable_image=\u00bboff\u00bb background_position=\u00bbtop_center\u00bb global_colors_info=\u00bb{}\u00bb][et_pb_row column_structure=\u00bb1_2,1_2&#8243; _builder_version=\u00bb4.16&#8243; global_colors_info=\u00bb{}\u00bb][et_pb_column type=\u00bb1_2&#8243; _builder_version=\u00bb4.16&#8243; global_colors_info=\u00bb{}\u00bb][et_pb_text _builder_version=\u00bb4.20.4&#8243; text_font=\u00bb||||||||\u00bb text_text_color=\u00bb#666666&#8243; text_font_size=\u00bb16px\u00bb text_line_height=\u00bb1.8em\u00bb link_font=\u00bb|700|||||||\u00bb link_text_color=\u00bb#71B100&#8243; text_font_size_tablet=\u00bb15px\u00bb text_font_size_phone=\u00bb14px\u00bb text_font_size_last_edited=\u00bbon|desktop\u00bb locked=\u00bboff\u00bb global_colors_info=\u00bb{}\u00bb]<\/p>\n<p>En Gescarri\u00f3n el servicio es lo primero. Contamos con una experiencia de m\u00e1s de 25 a\u00f1os, en Administrador de fincas en Valladolid y sus alrededores, que avalan nuestro compromiso con las Comunidades de Propietarios. Estamos formados por un equipo multidisciplinar, en el cual hay abogados y economistas plenamente dedicados a la gesti\u00f3n profesional de las Comunidades de Propietarios.<\/p>\n<p><strong>Despacho 100% digitalizado.<\/strong><\/p>\n<p>&nbsp;<\/p>\n<p>[\/et_pb_text][et_pb_image src=\u00bbhttp:\/\/gescarrion.com\/wp-content\/uploads\/2021\/10\/gescarrion_oficina2.jpg\u00bb title_text=\u00bbAdministrador de fincas\u00bb _builder_version=\u00bb4.20.4&#8243; box_shadow_style=\u00bbpreset3&#8243; locked=\u00bboff\u00bb global_colors_info=\u00bb{}\u00bb][\/et_pb_image][\/et_pb_column][et_pb_column type=\u00bb1_2&#8243; _builder_version=\u00bb4.16&#8243; global_colors_info=\u00bb{}\u00bb][et_pb_image src=\u00bbhttp:\/\/gescarrion.com\/wp-content\/uploads\/2023\/02\/logo-Gescarrion-1.pdf.png\u00bb title_text=\u00bbAdministrador de fincas\u00bb _builder_version=\u00bb4.20.4&#8243; box_shadow_style=\u00bbpreset3&#8243; locked=\u00bboff\u00bb global_colors_info=\u00bb{}\u00bb][\/et_pb_image][et_pb_text _builder_version=\u00bb4.16&#8243; header_2_font=\u00bb|700|||||||\u00bb header_2_text_color=\u00bb#D8503A\u00bb header_2_font_size=\u00bb60px\u00bb custom_margin=\u00bb60px||-1px||false|false\u00bb custom_margin_last_edited=\u00bboff|phone\u00bb header_2_font_size_tablet=\u00bb32px\u00bb header_2_font_size_phone=\u00bb20px\u00bb header_2_font_size_last_edited=\u00bbon|phone\u00bb locked=\u00bboff\u00bb global_colors_info=\u00bb{}\u00bb]<\/p>\n<h2>Un compromiso<\/h2>\n<p>[\/et_pb_text][et_pb_text _builder_version=\u00bb4.16&#8243; text_font=\u00bb||||||||\u00bb text_text_color=\u00bb#666666&#8243; text_font_size=\u00bb16px\u00bb text_line_height=\u00bb1.8em\u00bb link_font=\u00bb|700|||||||\u00bb link_text_color=\u00bb#71B100&#8243; text_font_size_tablet=\u00bb15px\u00bb text_font_size_phone=\u00bb14px\u00bb text_font_size_last_edited=\u00bbon|desktop\u00bb locked=\u00bboff\u00bb global_colors_info=\u00bb{}\u00bb]<\/p>\n<p>Ofrecer a nuestros clientes la mayor eficiencia, transparencia y claridad en la Administraci\u00f3n de Fincas.<\/p>\n<p>Despacho digitalizado. Disponemos de la tecnolog\u00eda necesaria para realizar reuniones telem\u00e1ticas.<\/p>\n<p>[\/et_pb_text][\/et_pb_column][\/et_pb_row][\/et_pb_section][et_pb_section fb_built=\u00bb1&#8243; admin_label=\u00bbCall to Action\u00bb _builder_version=\u00bb4.16&#8243; background_color=\u00bb#f3f7f0&#8243; background_enable_image=\u00bboff\u00bb background_size=\u00bbcontain\u00bb background_position=\u00bbbottom_center\u00bb z_index=\u00bb1&#8243; custom_padding=\u00bb0px||||false|false\u00bb hover_enabled=\u00bb0&#8243; global_colors_info=\u00bb{}\u00bb sticky_enabled=\u00bb0&#8243;][et_pb_row column_structure=\u00bb3_5,2_5&#8243; custom_padding_last_edited=\u00bbon|phone\u00bb _builder_version=\u00bb4.16&#8243; background_color=\u00bb#d8503a\u00bb custom_margin=\u00bb39px|auto|-144px|auto|false|false\u00bb custom_padding=\u00bb40px|40px|40px|40px|true|true\u00bb custom_padding_tablet=\u00bb|30px||30px|true|true\u00bb custom_padding_phone=\u00bb20px|20px|20px|20px|true|true\u00bb global_colors_info=\u00bb{}\u00bb][et_pb_column type=\u00bb3_5&#8243; _builder_version=\u00bb4.16&#8243; global_colors_info=\u00bb{}\u00bb][et_pb_text _builder_version=\u00bb4.16&#8243; header_2_font=\u00bb|700|||||||\u00bb header_2_text_color=\u00bb#ffffff\u00bb header_2_font_size=\u00bb60px\u00bb header_2_font_size_tablet=\u00bb32px\u00bb header_2_font_size_phone=\u00bb20px\u00bb header_2_font_size_last_edited=\u00bbon|phone\u00bb global_colors_info=\u00bb{}\u00bb]<\/p>\n<h2>M\u00e1s Informaci\u00f3n&#8230;<\/h2>\n<p>[\/et_pb_text][\/et_pb_column][et_pb_column type=\u00bb2_5&#8243; _builder_version=\u00bb4.16&#8243; custom_padding=\u00bb30px||||false|false\u00bb custom_padding_tablet=\u00bb0px||||false|false\u00bb custom_padding_phone=\u00bb\u00bb custom_padding_last_edited=\u00bbon|desktop\u00bb global_colors_info=\u00bb{}\u00bb][et_pb_button button_url=\u00bbhttps:\/\/private.tucomunidad.com\/#\/login\u00bb url_new_window=\u00bbon\u00bb button_text=\u00bbContactar \u00bb button_alignment=\u00bbcenter\u00bb button_alignment_tablet=\u00bbleft\u00bb button_alignment_phone=\u00bb\u00bb button_alignment_last_edited=\u00bbon|phone\u00bb _builder_version=\u00bb4.16&#8243; custom_button=\u00bbon\u00bb button_text_size=\u00bb12px\u00bb button_text_color=\u00bb#FFFFFF\u00bb button_bg_color=\u00bb#636260&#8243; button_border_width=\u00bb0px\u00bb button_border_radius=\u00bb0px\u00bb button_letter_spacing=\u00bb3px\u00bb button_font=\u00bb|700||on|||||\u00bb custom_margin=\u00bb23px||||false|false\u00bb custom_padding=\u00bb15px|30px|15px|30px|true|true\u00bb box_shadow_style=\u00bbpreset3&#8243; box_shadow_vertical=\u00bb33px\u00bb box_shadow_blur=\u00bb40px\u00bb box_shadow_spread=\u00bb-10px\u00bb box_shadow_color=\u00bbrgba(0,0,0,0.2)\u00bb global_colors_info=\u00bb{}\u00bb][\/et_pb_button][\/et_pb_column][\/et_pb_row][\/et_pb_section][et_pb_section fb_built=\u00bb1&#8243; admin_label=\u00bbFooter\u00bb _builder_version=\u00bb4.23.1&#8243; background_color=\u00bb#f3f7f0&#8243; use_background_color_gradient=\u00bbon\u00bb background_color_gradient_stops=\u00bb#636260 0%|rgba(36,68,53,0.44) 100%\u00bb background_color_gradient_overlays_image=\u00bbon\u00bb background_color_gradient_start=\u00bb#636260&#8243; background_color_gradient_end=\u00bbrgba(36,68,53,0.44)\u00bb background_image=\u00bbhttp:\/\/gescarrion.com\/wp-content\/uploads\/2021\/09\/architecture-1850055_1920-1.jpg\u00bb background_repeat=\u00bbrepeat\u00bb width_last_edited=\u00bbon|phone\u00bb min_height_last_edited=\u00bbon|phone\u00bb custom_margin=\u00bb||||false|false\u00bb custom_padding=\u00bb49px||14px|||\u00bb top_divider_height_phone=\u00bb46px\u00bb top_divider_height_last_edited=\u00bbon|phone\u00bb hover_enabled=\u00bb0&#8243; background_color_gradient_stops_tablet=\u00bb#636260 0%|rgba(36,68,53,0.44) 100%\u00bb background_color_gradient_stops_phone=\u00bb#636260 0%|rgba(36,68,53,0.44) 100%\u00bb global_module=\u00bb194&#8243; saved_tabs=\u00bball\u00bb global_colors_info=\u00bb{}\u00bb sticky_enabled=\u00bb0&#8243;][et_pb_row column_structure=\u00bb1_2,1_4,1_4&#8243; _builder_version=\u00bb4.23.1&#8243; width_tablet=\u00bb\u00bb width_last_edited=\u00bbon|phone\u00bb custom_margin=\u00bb|292px||auto||\u00bb custom_padding=\u00bb7vw||||false|false\u00bb hover_enabled=\u00bb0&#8243; global_colors_info=\u00bb{}\u00bb sticky_enabled=\u00bb0&#8243; width_phone=\u00bb\u00bb][et_pb_column type=\u00bb1_2&#8243; _builder_version=\u00bb4.16&#8243; global_colors_info=\u00bb{}\u00bb][et_pb_blurb title=\u00bbC. de Montes y Mart\u00edn-Baro, 8, 47008 Valladolid\u00bb use_icon=\u00bbon\u00bb font_icon=\u00bb&#xe01e;||divi||400&#8243; icon_color=\u00bb#ffffff\u00bb icon_placement=\u00bbleft\u00bb _builder_version=\u00bb4.20.4&#8243; header_font=\u00bb|600|||||||\u00bb header_font_size=\u00bb17px\u00bb body_font=\u00bb|600|||||||\u00bb body_font_size=\u00bb15px\u00bb background_layout=\u00bbdark\u00bb custom_margin=\u00bb|||20px|false|false\u00bb custom_padding=\u00bb31px|||||\u00bb global_colors_info=\u00bb{}\u00bb]<\/p>\n<p itemprop=\"addresLocality\" style=\"opacity:0;\"> C. de Montes y Mart\u00edn-Baro, 8, 47008 Valladolid<\/p>\n<p>[\/et_pb_blurb][et_pb_blurb title=\u00bbinfo@gescarrion.com\u00bb url=\u00bbmailto:info@gescarrion.com\u00bb use_icon=\u00bbon\u00bb font_icon=\u00bb&#xe010;||divi||400&#8243; icon_color=\u00bb#ffffff\u00bb icon_placement=\u00bbleft\u00bb _builder_version=\u00bb4.16&#8243; header_font=\u00bb|600|||||||\u00bb header_font_size=\u00bb17px\u00bb body_font=\u00bb|600|||||||\u00bb body_font_size=\u00bb15px\u00bb background_layout=\u00bbdark\u00bb custom_margin=\u00bb|||20px|false|false\u00bb global_colors_info=\u00bb{}\u00bb]<\/p>\n<p><span>\u00a0<\/span><\/p>\n<p>[\/et_pb_blurb][\/et_pb_column][et_pb_column type=\u00bb1_4&#8243; _builder_version=\u00bb4.16&#8243; global_colors_info=\u00bb{}\u00bb][et_pb_text _builder_version=\u00bb4.16&#8243; header_4_font=\u00bbTajawal|700||on|||||\u00bb header_4_text_color=\u00bb#FFFFFF\u00bb header_4_font_size=\u00bb14px\u00bb header_4_letter_spacing=\u00bb2px\u00bb header_4_line_height=\u00bb1.5em\u00bb custom_margin=\u00bb||0px|20px|false|false\u00bb header_4_font_size_tablet=\u00bb13px\u00bb header_4_font_size_phone=\u00bb12px\u00bb header_4_font_size_last_edited=\u00bbon|phone\u00bb global_colors_info=\u00bb{}\u00bb]<\/p>\n<h4>por tel\u00e9fono<\/h4>\n<p>[\/et_pb_text][et_pb_text _builder_version=\u00bb4.20.4&#8243; text_font=\u00bb|700|||||||\u00bb text_text_color=\u00bb#636260&#8243; text_font_size=\u00bb60px\u00bb text_line_height=\u00bb1.2em\u00bb link_text_color=\u00bb#244435&#8243; header_2_font=\u00bb|700|||||||\u00bb header_2_text_color=\u00bb#d8503a\u00bb header_2_font_size=\u00bb32px\u00bb header_3_text_color=\u00bb#FFFFFF\u00bb custom_margin=\u00bb|||20px|false|false\u00bb text_font_size_tablet=\u00bb8vw\u00bb text_font_size_phone=\u00bb\u00bb text_font_size_last_edited=\u00bbon|tablet\u00bb header_font_size_tablet=\u00bb55px\u00bb header_font_size_phone=\u00bb\u00bb header_font_size_last_edited=\u00bbon|tablet\u00bb locked=\u00bboff\u00bb global_colors_info=\u00bb{}\u00bb]<\/p>\n<h2 itemprop=\"telephone\"><span>983 272 472<\/span><\/h2>\n<p>[\/et_pb_text][et_pb_social_media_follow use_icon_font_size=\u00bbon\u00bb icon_font_size_tablet=\u00bb20px\u00bb icon_font_size_phone=\u00bb16px\u00bb icon_font_size_last_edited=\u00bboff|desktop\u00bb _builder_version=\u00bb4.16&#8243; custom_margin=\u00bb|||20px|false|false\u00bb border_radii=\u00bbon|0px|0px|0px|0px\u00bb border_width_all=\u00bb2px\u00bb border_color_all=\u00bb#FFFFFF\u00bb global_colors_info=\u00bb{}\u00bb][et_pb_social_media_follow_network social_network=\u00bbfacebook\u00bb url=\u00bbhttps:\/\/www.facebook.com\/Gescarrion-101579365664624\/?ref=pages_you_manage\u00bb use_icon_font_size=\u00bbon\u00bb _builder_version=\u00bb4.16&#8243; background_color=\u00bb#3b5998&#8243; background_enable_color=\u00bboff\u00bb custom_padding=\u00bb10px|10px|10px|10px|true|true\u00bb global_colors_info=\u00bb{}\u00bb follow_button=\u00bboff\u00bb url_new_window=\u00bbon\u00bb]facebook[\/et_pb_social_media_follow_network][et_pb_social_media_follow_network social_network=\u00bblinkedin\u00bb url=\u00bbhttps:\/\/www.linkedin.com\/company\/77001144\/admin\/\u00bb use_icon_font_size=\u00bbon\u00bb _builder_version=\u00bb4.16&#8243; background_color=\u00bb#007bb6&#8243; background_enable_color=\u00bboff\u00bb custom_padding=\u00bb10px|10px|10px|10px|true|true\u00bb global_colors_info=\u00bb{}\u00bb follow_button=\u00bboff\u00bb url_new_window=\u00bbon\u00bb]linkedin[\/et_pb_social_media_follow_network][\/et_pb_social_media_follow][\/et_pb_column][et_pb_column type=\u00bb1_4&#8243; _builder_version=\u00bb4.16&#8243; global_colors_info=\u00bb{}\u00bb][et_pb_image src=\u00bbhttp:\/\/gescarrion.com\/wp-content\/uploads\/2021\/09\/descarga.png\u00bb align=\u00bbcenter\u00bb _builder_version=\u00bb4.16&#8243; custom_margin=\u00bb10px|||||\u00bb global_colors_info=\u00bb{}\u00bb][\/et_pb_image][\/et_pb_column][\/et_pb_row][\/et_pb_section][et_pb_section fb_built=\u00bb1&#8243; fullwidth=\u00bbon\u00bb _builder_version=\u00bb4.10.8&#8243; _module_preset=\u00bbdefault\u00bb global_module=\u00bb192&#8243; global_colors_info=\u00bb{}\u00bb][et_pb_fullwidth_code _builder_version=\u00bb4.16&#8243; _module_preset=\u00bbdefault\u00bb global_colors_info=\u00bb{}\u00bb]<iframe src=\"https:\/\/www.google.com\/maps\/embed?pb=!1m18!1m12!1m3!1d2982.28224996155!2d-4.740642584380483!3d41.628030189004875!2m3!1f0!2f0!3f0!3m2!1i1024!2i768!4f13.1!3m3!1m2!1s0xd476d2601c78523%3A0xec7233368e6fa7e1!2sAdministrador%20de%20Fincas%20en%20Valladolid%20%7C%20Gescarri%C3%B3n!5e0!3m2!1ses!2ses!4v1636453960226!5m2!1ses!2ses\" width=\"100%\" height=\"250\" style=\"border:0;\" allowfullscreen=\"\" loading=\"lazy\"><\/iframe>[\/et_pb_fullwidth_code][\/et_pb_section]<\/p>\n","protected":false},"excerpt":{"rendered":"<p>Gescarri\u00f3nEn Gescarri\u00f3n el servicio es lo primero. Contamos con una experiencia de m\u00e1s de 25 a\u00f1os, en Administrador de fincas en Valladolid y sus alrededores, que avalan nuestro compromiso con las Comunidades de Propietarios. Estamos formados por un equipo multidisciplinar, en el cual hay abogados y economistas plenamente dedicados a la gesti\u00f3n profesional de las [&hellip;]<\/p>\n","protected":false},"author":1,"featured_media":0,"parent":0,"menu_order":0,"comment_status":"closed","ping_status":"closed","template":"","meta":{"_et_pb_use_builder":"on","_et_pb_old_content":"","_et_gb_content_width":"","footnotes":""},"class_list":["post-123","page","type-page","status-publish","hentry"],"_links":{"self":[{"href":"https:\/\/gescarrion.com\/index.php?rest_route=\/wp\/v2\/pages\/123","targetHints":{"allow":["GET"]}}],"collection":[{"href":"https:\/\/gescarrion.com\/index.php?rest_route=\/wp\/v2\/pages"}],"about":[{"href":"https:\/\/gescarrion.com\/index.php?rest_route=\/wp\/v2\/types\/page"}],"author":[{"embeddable":true,"href":"https:\/\/gescarrion.com\/index.php?rest_route=\/wp\/v2\/users\/1"}],"replies":[{"embeddable":true,"href":"https:\/\/gescarrion.com\/index.php?rest_route=%2Fwp%2Fv2%2Fcomments&post=123"}],"version-history":[{"count":21,"href":"https:\/\/gescarrion.com\/index.php?rest_route=\/wp\/v2\/pages\/123\/revisions"}],"predecessor-version":[{"id":288,"href":"https:\/\/gescarrion.com\/index.php?rest_route=\/wp\/v2\/pages\/123\/revisions\/288"}],"wp:attachment":[{"href":"https:\/\/gescarrion.com\/index.php?rest_route=%2Fwp%2Fv2%2Fmedia&parent=123"}],"curies":[{"name":"wp","href":"https:\/\/api.w.org\/{rel}","templated":true}]}}